{"id":422,"date":"2024-08-20T19:15:50","date_gmt":"2024-08-20T19:15:50","guid":{"rendered":"https:\/\/deepdeestg.wpenginepowered.com\/politica-de-cookies\/"},"modified":"2026-03-04T20:14:11","modified_gmt":"2026-03-04T20:14:11","slug":"politica-de-cookies","status":"publish","type":"page","link":"https:\/\/deepdeestudy.com\/es-us\/politica-de-cookies\/","title":{"rendered":"Pol\u00edtica de cookies"},"content":{"rendered":"<p>[et_pb_section fb_built=&#8221;1&#8243; _builder_version=&#8221;4.27.0&#8243; _module_preset=&#8221;default&#8221; background_color=&#8221;#213A70&#8243; global_colors_info=&#8221;{}&#8221;][et_pb_row custom_padding_last_edited=&#8221;on|phone&#8221; _builder_version=&#8221;4.27.0&#8243; _module_preset=&#8221;default&#8221; custom_padding=&#8221;20px||20px||true|false&#8221; custom_padding_tablet=&#8221;20px||20px||true|false&#8221; custom_padding_phone=&#8221;0px||0px||true|false&#8221; global_colors_info=&#8221;{}&#8221;][et_pb_column type=&#8221;4_4&#8243; _builder_version=&#8221;4.27.0&#8243; _module_preset=&#8221;default&#8221; global_colors_info=&#8221;{}&#8221;][et_pb_heading title=&#8221;Pol\u00edtica de cookies&#8221; _builder_version=&#8221;4.27.0&#8243; _module_preset=&#8221;default&#8221; title_font=&#8221;|600|||||||&#8221; title_text_align=&#8221;center&#8221; title_text_color=&#8221;#FFFFFF&#8221; title_font_size=&#8221;42px&#8221; custom_margin=&#8221;||16px||false|false&#8221; custom_margin_tablet=&#8221;||16px||false|false&#8221; custom_margin_phone=&#8221;||10px||false|false&#8221; custom_margin_last_edited=&#8221;on|phone&#8221; title_font_size_tablet=&#8221;36px&#8221; title_font_size_phone=&#8221;32px&#8221; title_font_size_last_edited=&#8221;on|phone&#8221; global_colors_info=&#8221;{}&#8221;][\/et_pb_heading][et_pb_divider color=&#8221;#FFFFFF&#8221; divider_weight=&#8221;1.5px&#8221; _builder_version=&#8221;4.27.0&#8243; _module_preset=&#8221;default&#8221; max_width=&#8221;380px&#8221; max_width_tablet=&#8221;380px&#8221; max_width_phone=&#8221;&#8221; max_width_last_edited=&#8221;on|desktop&#8221; module_alignment=&#8221;center&#8221; global_colors_info=&#8221;{}&#8221;][\/et_pb_divider][\/et_pb_column][\/et_pb_row][\/et_pb_section][et_pb_section fb_built=&#8221;1&#8243; _builder_version=&#8221;4.27.0&#8243; _module_preset=&#8221;default&#8221; global_colors_info=&#8221;{}&#8221;][et_pb_row _builder_version=&#8221;4.27.0&#8243; _module_preset=&#8221;default&#8221; global_colors_info=&#8221;{}&#8221;][et_pb_column type=&#8221;4_4&#8243; _builder_version=&#8221;4.27.0&#8243; _module_preset=&#8221;default&#8221; global_colors_info=&#8221;{}&#8221;][et_pb_text _builder_version=&#8221;4.27.4&#8243; _module_preset=&#8221;default&#8221; global_colors_info=&#8221;{}&#8221;]<\/p>\n<p>\u00daltima actualizaci\u00f3n: 15 de enero de 2025<\/p>\n<p><strong>Elligo Health Research, Inc.<\/strong> (\u201c<strong>Elligo<\/strong>\u201d, \u201c<strong>nosotros<\/strong>\u201d o \u201c<strong>nos<\/strong>\u201d) est\u00e1 ayudando a la organizaci\u00f3n de investigaci\u00f3n cl\u00ednica (por su sigla en ingl\u00e9s, CRO) <strong>PPD, parte de Thermo Fisher Scientific<\/strong> (\u201c<strong>PPD<\/strong>\u201d) a brindar ciertos servicios, que podr\u00edan incluir publicidad del estudio, reclutamiento del estudio, apoyo en el centro del estudio y alojamiento del sitio web del estudio <strong>DEEp OCEAN<\/strong> (los \u201c<strong>servicios<\/strong>\u201d) en nombre del patrocinador del estudio <strong>DEEp OCEAN<\/strong>, <strong>Longboard Pharmaceuticals, Inc. <\/strong>(\u201c<strong>Longboard<\/strong>\u201d). <strong>Longboard<\/strong> es el controlador de datos de los datos personales procesados para el estudio <strong>DEEp OCEAN<\/strong>.<\/p>\n<p>Esta Pol\u00edtica describe c\u00f3mo y por qu\u00e9 Elligo utiliza cookies en este sitio web www.deepdeestudy.com em nombre del controlador de datos, <strong>Longboard<\/strong>.<\/p>\n<p>[\/et_pb_text][et_pb_heading title=&#8221;Qu\u00e9 son las cookies&#8221; _builder_version=&#8221;4.27.0&#8243; _module_preset=&#8221;default&#8221; title_level=&#8221;h2&#8243; title_font=&#8221;|700|||||||&#8221; custom_margin=&#8221;||0px||false|false&#8221; global_colors_info=&#8221;{}&#8221;][\/et_pb_heading][et_pb_text _builder_version=&#8221;4.27.0&#8243; _module_preset=&#8221;default&#8221; global_colors_info=&#8221;{}&#8221;]Una cookie es un peque\u00f1o fragmento de datos (archivo de texto) que un sitio web o una aplicaci\u00f3n le solicita a su navegador que almacene en su dispositivo cuando un usuario lo visita. El fin de esto es recordar informaci\u00f3n sobre usted, como si dio su consentimiento o no para el uso de cookies. Nosotros establecemos esas cookies y se denominan cookies de origen. <\/p>\n<p>Tambi\u00e9n utilizamos cookies de terceros; estas son cookies de un dominio diferente al dominio del sitio web que est\u00e1 visitando o de un dominio que no gestionamos (por ejemplo, para fines de marketing y publicidad).[\/et_pb_text][et_pb_heading title=&#8221;C\u00f3mo utilizamos las cookies&#8221; _builder_version=&#8221;4.27.0&#8243; _module_preset=&#8221;default&#8221; title_level=&#8221;h2&#8243; title_font=&#8221;|700|||||||&#8221; custom_margin=&#8221;||0px||false|false&#8221; global_colors_info=&#8221;{}&#8221;][\/et_pb_heading][et_pb_text _builder_version=&#8221;4.27.0&#8243; _module_preset=&#8221;default&#8221; global_colors_info=&#8221;{}&#8221;]Este sitio web utiliza dos tipos de cookies: cookies permanentes y cookies de sesi\u00f3n. Las cookies <strong>permanentes<\/strong> son cookies que permanecen en su dispositivo durante un per\u00edodo determinado (como se indica en la tabla siguiente), o hasta que usted las elimine manualmente o desactive su uso. Las cookies <strong>de sesi\u00f3n<\/strong> son cookies que caducan al final de la sesi\u00f3n del navegador (p. ej., cuando abandona nuestro sitio web y cierra el navegador).<\/p>\n<p>Utilizamos cookies <strong>estrictamente necesarias<\/strong> para (i) reconocerlo como usuario recurrente; (ii) proteger y proporcionarle acceso a nuestro sitio web (p. ej., formateo del sitio web y protecci\u00f3n del sitio web contra ataques maliciosos); y (iii) guardar algunas de sus preferencias (p. ej., el consentimiento de cookies y la configuraci\u00f3n de idioma).   <\/p>\n<p>Utilizamos cookies <strong>no esenciales (no estrictamente necesarias)<\/strong> para (i) ofrecer publicidad dirigida en funci\u00f3n de su comportamiento de navegaci\u00f3n; y (ii) observar y analizar los niveles de tr\u00e1fico y otras m\u00e9tricas en nuestro sitio web, lo que nos ayuda a mejorar nuestro sitio web, as\u00ed como su experiencia de usuario en general. Solo utilizamos cookies no esenciales cuando contamos con su consentimiento (ver a continuaci\u00f3n).   <\/p>\n<p>Las cookies pueden ser <strong>de origen<\/strong> o <strong>de terceros<\/strong>, lo que significa que las gestionamos nosotros (de origen) o lo hace otra entidad (terceros). Tenga en cuenta que las interacciones con las cookies de terceros en nuestro sitio web se rigen por las pol\u00edticas de privacidad y cookies del tercero, como se establece a continuaci\u00f3n. <\/p>\n<p>A continuaci\u00f3n, encontrar\u00e1 m\u00e1s informaci\u00f3n sobre los tipos de cookies que utilizamos.[\/et_pb_text][et_pb_heading title=&#8221;Gestionar las cookies&#8221; _builder_version=&#8221;4.27.0&#8243; _module_preset=&#8221;default&#8221; title_level=&#8221;h2&#8243; title_font=&#8221;|700|||||||&#8221; custom_margin=&#8221;||0px||false|false&#8221; global_colors_info=&#8221;{}&#8221;][\/et_pb_heading][et_pb_text _builder_version=&#8221;4.27.4&#8243; _module_preset=&#8221;default&#8221; global_colors_info=&#8221;{}&#8221;]<\/p>\n<p>En su primera visita a nuestro sitio web y cada seis meses a partir de entonces, ver\u00e1 en la p\u00e1gina de inicio un anuncio de cookies en el que se le informar\u00e1 el motivo del uso de las cookies y se le solicitar\u00e1 su consentimiento para cada cookie no esencial si usted acepta este uso seleccionando \u201cAceptar todas\u201d. Si no est\u00e1 de acuerdo, puede seleccionar cu\u00e1les rechazar o aceptar, o puede elegir \u201cRechazar todas\u201d. <\/p>\n<p>Puede cambiar sus preferencias de cookies a trav\u00e9s del anuncio de cookies, donde tiene la opci\u00f3n de aceptar o rechazar el uso de cookies no esenciales en su dispositivo. Sin embargo, tambi\u00e9n puede actualizar sus preferencias de cookies en todo momento al utilizar el bot\u00f3n que ver\u00e1 a continuaci\u00f3n: <\/p>\n<p>[\/et_pb_text][et_pb_code _builder_version=&#8221;4.27.0&#8243; _module_preset=&#8221;default&#8221; global_colors_info=&#8221;{}&#8221;][wcc_preference_button][\/et_pb_code][et_pb_text _builder_version=&#8221;4.27.0&#8243; _module_preset=&#8221;default&#8221; global_colors_info=&#8221;{}&#8221;]Tenga en cuenta que no puede desactivar las cookies estrictamente necesarias, ya que dichas cookies afectan la funcionalidad de nuestro sitio web y su capacidad para utilizar ciertas caracter\u00edsticas y funciones.[\/et_pb_text][et_pb_heading title=&#8221;Tipos de cookies utilizadas&#8221; _builder_version=&#8221;4.27.0&#8243; _module_preset=&#8221;default&#8221; title_level=&#8221;h2&#8243; title_font=&#8221;|700|||||||&#8221; custom_margin=&#8221;||0px||false|false&#8221; global_colors_info=&#8221;{}&#8221;][\/et_pb_heading][et_pb_text _builder_version=&#8221;4.27.5&#8243; _module_preset=&#8221;default&#8221; header_2_text_color=&#8221;#691F45&#8243; custom_padding=&#8221;1px|||||&#8221; hover_enabled=&#8221;0&#8243; custom_css_main_element=&#8221;overflow-x: auto;&#8221; global_colors_info=&#8221;{}&#8221; sticky_enabled=&#8221;0&#8243;]<\/p>\n<table border=\"1\" style=\"border-collapse: collapse; width: 100%;\">\n<tbody>\n<tr>\n<td style=\"width: 15.9585%;\"><strong>Operador<\/strong><\/td>\n<td style=\"width: 1.21359%;\"><strong>Nombre de la cookie<\/strong><\/td>\n<td style=\"width: 17.5261%;\"><strong>De sesi\u00f3n o permanente<\/strong><\/td>\n<td style=\"width: 47.568%;\"><strong>Prop\u00f3sito<\/strong><\/td>\n<td style=\"width: 40.0688%;\"><strong>Vida \u00fatil<\/strong><\/td>\n<\/tr>\n<tr>\n<td style=\"text-align: center;\" colspan=\"5\">\n<h3 style=\"padding: 4px 0;\">Cookies estrictamente necesarias<\/h3>\n<\/td>\n<\/tr>\n<tr>\n<td style=\"width: 15.9585%;\"><em>Elligo<\/em><\/td>\n<td style=\"width: 1.21359%;\">PHPSESSID<\/td>\n<td style=\"width: 17.5261%;\">De sesi\u00f3n<\/td>\n<td style=\"width: 47.568%;\">Esta cookie es propia de las aplicaciones PHP. Esta cookie se utiliza para almacenar e identificar la ID de sesi\u00f3n \u00fanica de un usuario, con el fin de administrar la sesi\u00f3n del usuario en el sitio web. Es una cookie de sesi\u00f3n y se elimina cuando se cierran todas las ventanas del navegador.  <\/td>\n<td style=\"width: 40.0688%;\">De sesi\u00f3n<\/td>\n<\/tr>\n<tr>\n<td style=\"width: 15.9585%;\"><em>WebToffee<\/em><\/td>\n<td style=\"width: 1.21359%;\">wt_consent<\/td>\n<td style=\"width: 17.5261%;\">Permanente<\/td>\n<td style=\"width: 47.568%;\">Se utiliza para recordar las preferencias de consentimiento de los usuarios que se respetar\u00e1n en visitas posteriores al sitio. No recopila ni almacena informaci\u00f3n personal sobre los visitantes del sitio. <\/td>\n<td style=\"width: 40.0688%;\">1 a\u00f1o<\/td>\n<\/tr>\n<tr>\n<td style=\"width: 15.9585%;\"><em>WebToffee<\/em><\/td>\n<td style=\"width: 1.21359%;\">viewed_cookie_policy<\/td>\n<td style=\"width: 17.5261%;\">Permanente<\/td>\n<td style=\"width: 47.568%;\">El complemento de consentimiento de cookies para el Reglamento General de Protecci\u00f3n de Datos (por su sigla en ingl\u00e9s, GDPR) establece esta cookie, que se utiliza para almacenar si el usuario dio su consentimiento o no para el uso de cookies. No almacena ning\u00fan dato personal. <\/td>\n<td style=\"width: 40.0688%;\">6 meses<\/td>\n<\/tr>\n<tr>\n<td style=\"width: 15.9585%;\"><em>WebToffee<\/em><\/td>\n<td style=\"width: 1.21359%;\">CookieLawInfoConsent<\/td>\n<td style=\"width: 17.5261%;\">Permanente<\/td>\n<td style=\"width: 47.568%;\">El complemento de consentimiento de cookies para el GDPR establece esta cookie para registrar el estado del bot\u00f3n predeterminado de la categor\u00eda correspondiente y el estado de la Ley de Privacidad del Consumidor de California (por su sigla en ingl\u00e9s, CCPA). Funciona \u00fanicamente en coordinaci\u00f3n con la cookie principal. <\/td>\n<td style=\"width: 40.0688%;\">1 a\u00f1o<\/td>\n<\/tr>\n<tr>\n<td style=\"width: 15.9585%;\"><em>WebToffee<\/em><\/td>\n<td style=\"width: 1.21359%;\">cookielawinfo-checkbox-necessary<\/td>\n<td style=\"width: 17.5261%;\">Permanente<\/td>\n<td style=\"width: 47.568%;\">El complemento de consentimiento de cookies para el GDPR establece esta cookie para almacenar el consentimiento del usuario para las cookies en la categor\u00eda \u201cNecesario\u201d.<\/td>\n<td style=\"width: 40.0688%;\">1 a\u00f1o<\/td>\n<\/tr>\n<tr>\n<td style=\"width: 15.9585%;\"><em>WebToffee<\/em><\/td>\n<td style=\"width: 1.21359%;\">cookielawinfo-checkbox-functional<\/td>\n<td style=\"width: 17.5261%;\">Permanente<\/td>\n<td style=\"width: 47.568%;\">El complemento de consentimiento de cookies para el GDPR establece esta cookie para almacenar el consentimiento del usuario para las cookies en la categor\u00eda \u201cFuncional\u201d.<\/td>\n<td style=\"width: 40.0688%;\">1 a\u00f1o<\/td>\n<\/tr>\n<tr>\n<td style=\"width: 15.9585%;\"><em>WebToffee<\/em><\/td>\n<td style=\"width: 1.21359%;\">cookielawinfo-checkbox-performance<\/td>\n<td style=\"width: 17.5261%;\">Permanente<\/td>\n<td style=\"width: 47.568%;\">El complemento de consentimiento de cookies para el GDPR establece esta cookie para almacenar el consentimiento del usuario para las cookies en la categor\u00eda \u201cRendimiento\u201d.<\/td>\n<td style=\"width: 40.0688%;\">1 a\u00f1o<\/td>\n<\/tr>\n<tr>\n<td style=\"width: 15.9585%;\"><em>WebToffee<\/em><\/td>\n<td style=\"width: 1.21359%;\">cookielawinfo-checkbox-analytics<\/td>\n<td style=\"width: 17.5261%;\">Permanente<\/td>\n<td style=\"width: 47.568%;\">El complemento de consentimiento de cookies para el GDPR establece esta cookie para almacenar el consentimiento del usuario para las cookies en la categor\u00eda \u201cAnal\u00edtica\u201d.<\/td>\n<td style=\"width: 40.0688%;\">1 a\u00f1o<\/td>\n<\/tr>\n<tr>\n<td style=\"width: 15.9585%;\"><em>WebToffee<\/em><\/td>\n<td style=\"width: 1.21359%;\">cookielawinfo-checkbox-advertisement<\/td>\n<td style=\"width: 17.5261%;\">Permanente<\/td>\n<td style=\"width: 47.568%;\">El complemento de consentimiento de cookies para el GDPR establece esta cookie para almacenar el consentimiento del usuario para las cookies en la categor\u00eda \u201cPublicidad\u201d.<\/td>\n<td style=\"width: 40.0688%;\">1 a\u00f1o<\/td>\n<\/tr>\n<tr>\n<td style=\"width: 15.9585%;\"><em>WebToffee<\/em><\/td>\n<td style=\"width: 1.21359%;\">cookielawinfo-checkbox-others<\/td>\n<td style=\"width: 17.5261%;\">Permanente<\/td>\n<td style=\"width: 47.568%;\">El complemento de consentimiento de cookies para el GDPR establece esta cookie para almacenar el consentimiento del usuario para las cookies en la categor\u00eda \u201cOtras\u201d.<\/td>\n<td style=\"width: 40.0688%;\">1 a\u00f1o<\/td>\n<\/tr>\n<tr>\n<td style=\"width: 15.9585%;\"><em>Elligo<\/em><\/td>\n<td style=\"width: 1.21359%;\">selected_language_url<\/td>\n<td style=\"width: 17.5261%;\">Permanente<\/td>\n<td style=\"width: 47.568%;\">Esta cookie se utiliza para mostrar el idioma que un usuario elige en el sitio web.<\/td>\n<td style=\"width: 40.0688%;\">6 meses<\/td>\n<\/tr>\n<tr>\n<td style=\"width: 15.9585%;\"><em>WPML<\/em><\/td>\n<td style=\"width: 1.21359%;\">wp-wpml_current_language<\/td>\n<td style=\"width: 17.5261%;\">Permanente<\/td>\n<td style=\"width: 47.568%;\">El complemento llamado plugin multiling\u00fce de WordPress (por su sigla en ingl\u00e9s, WPML) establece esta cookie para almacenar la selecci\u00f3n de idioma actual del usuario.<\/td>\n<td style=\"width: 40.0688%;\">24 horas<\/td>\n<\/tr>\n<tr>\n<td style=\"width: 15.9585%;\"><em>Matomo<\/em><\/td>\n<td style=\"width: 1.21359%;\">matomo_sessid<\/td>\n<td style=\"width: 17.5261%;\">De sesi\u00f3n<\/td>\n<td style=\"width: 47.568%;\">Esta cookie no contiene ning\u00fan dato que se use para identificar a los visitantes, pero se la considera una cookie esencial.<\/td>\n<td style=\"width: 40.0688%;\">14 d\u00edas<\/td>\n<\/tr>\n<tr>\n<td style=\"text-align: center;\" colspan=\"5\">\n<h3 style=\"padding: 4px 0;\">Cookies que no son estrictamente necesarias<\/h3>\n<\/td>\n<\/tr>\n<tr>\n<td style=\"width: 15.9585%;\"><em>AppFromLab<\/em><\/td>\n<td style=\"width: 1.21359%;\">afl_wc_utm_sess_referer<\/td>\n<td style=\"width: 17.5261%;\">De sesi\u00f3n<\/td>\n<td style=\"width: 47.568%;\">El complemento AFL UTM Tracker establece esta cookie. La cookie almacena el primer sitio web de referencia del usuario.<\/td>\n<td style=\"width: 40.0688%;\">De sesi\u00f3n<\/td>\n<\/tr>\n<tr>\n<td style=\"width: 15.9585%;\"><em>AppFromLab<\/em><\/td>\n<td style=\"width: 1.21359%;\">afl_wc_utm_utm_url<\/td>\n<td style=\"width: 17.5261%;\">Permanente<\/td>\n<td style=\"width: 47.568%;\">El complemento AFL UTM Tracker establece esta cookie, que almacena la \u00faltima visita a la URL del visitante que contiene el par\u00e1metro UTM.<\/td>\n<td style=\"width: 40.0688%;\">3 meses<\/td>\n<\/tr>\n<tr>\n<td style=\"width: 15.9585%;\"><em>AppFromLab<\/em><\/td>\n<td style=\"width: 1.21359%;\">afl_wc_utm_sess_landing<\/td>\n<td style=\"width: 17.5261%;\">De sesi\u00f3n<\/td>\n<td style=\"width: 47.568%;\">El complemento AFL UTM Tracker establece esta cookie. La cookie almacena la URL de la primera p\u00e1gina de destino del usuario.<\/td>\n<td style=\"width: 40.0688%;\">De sesi\u00f3n<\/td>\n<\/tr>\n<tr>\n<td style=\"width: 15.9585%;\"><em>AppFromLab<\/em><\/td>\n<td style=\"width: 1.21359%;\">afl_wc_utm_main<\/td>\n<td style=\"width: 17.5261%;\">De sesi\u00f3n<\/td>\n<td style=\"width: 47.568%;\">El complemento AFL UTM Tracker establece esta cookie. La cookie almacena la marca de tiempo de la \u00faltima comunicaci\u00f3n actualizada del lado del servidor.<\/td>\n<td style=\"width: 40.0688%;\">De sesi\u00f3n<\/td>\n<\/tr>\n<tr>\n<td style=\"width: 15.9585%;\"><em>Cloudflare<\/em><\/td>\n<td style=\"width: 1.21359%;\">__cf_bm<\/td>\n<td style=\"width: 17.5261%;\">Permanente<\/td>\n<td style=\"width: 47.568%;\">Cloudflare establece esta cookie para respaldar la gesti\u00f3n de bots de Cloudflare.<\/td>\n<td style=\"width: 40.0688%;\">30 minutos<\/td>\n<\/tr>\n<tr>\n<td style=\"width: 15.9585%;\"><em>Matomo<\/em><\/td>\n<td style=\"width: 1.21359%;\">_pk_id*<\/td>\n<td style=\"width: 17.5261%;\">Permanente<\/td>\n<td style=\"width: 47.568%;\">Se utiliza para almacenar algunos datos sobre el usuario, como la ID \u00fanica del visitante.<\/td>\n<td style=\"width: 40.0688%;\">13 meses<\/td>\n<\/tr>\n<tr>\n<td style=\"width: 15.9585%;\"><em>Matomo<\/em><\/td>\n<td style=\"width: 1.21359%;\">_pk_ref*<\/td>\n<td style=\"width: 17.5261%;\">Permanente<\/td>\n<td style=\"width: 47.568%;\">Se utiliza para almacenar la informaci\u00f3n de atribuci\u00f3n.<\/td>\n<td style=\"width: 40.0688%;\">6 meses<\/td>\n<\/tr>\n<tr>\n<td style=\"width: 15.9585%;\"><em>Matomo<\/em><\/td>\n<td style=\"width: 1.21359%;\">_pk_ses*<\/td>\n<td style=\"width: 17.5261%;\">De sesi\u00f3n<\/td>\n<td style=\"width: 47.568%;\">Se utiliza para almacenar una ID de sesi\u00f3n \u00fanica.<\/td>\n<td style=\"width: 40.0688%;\">30 minutos<\/td>\n<\/tr>\n<tr>\n<td style=\"width: 15.9585%;\"><em>Matomo<\/em><\/td>\n<td style=\"width: 1.21359%;\">_pk_cvar<\/td>\n<td style=\"width: 17.5261%;\">De sesi\u00f3n<\/td>\n<td style=\"width: 47.568%;\">Contiene variables personalizadas que se configuraron durante la vista de la p\u00e1gina anterior.<\/td>\n<td style=\"width: 40.0688%;\">30 minutos<\/td>\n<\/tr>\n<tr>\n<td style=\"width: 15.9585%;\"><em>Matomo<\/em><\/td>\n<td style=\"width: 1.21359%;\">_pk_hsr<\/td>\n<td style=\"width: 17.5261%;\">De sesi\u00f3n<\/td>\n<td style=\"width: 47.568%;\">Cookie de corta duraci\u00f3n para la realizaci\u00f3n de mapas t\u00e9rmicos de sitios web. <\/td>\n<td style=\"width: 40.0688%;\">30 minutos<\/td>\n<\/tr>\n<tr>\n<td style=\"width: 15.9585%;\"><em>Matomo<\/em><\/td>\n<td style=\"width: 1.21359%;\">_pk_testcookie<\/td>\n<td style=\"width: 17.5261%;\">De sesi\u00f3n<\/td>\n<td style=\"width: 47.568%;\">Se utiliza para revisar si el navegador del visitante admite cookies.<\/td>\n<td style=\"width: 40.0688%;\">&lt;5 minutos<\/td>\n<\/tr>\n<tr>\n<td style=\"width: 15.9585%;\"><em>Matomo<\/em><\/td>\n<td style=\"width: 1.21359%;\">mtm_consent o mtm_consent_removed<\/td>\n<td style=\"width: 17.5261%;\">Permanente<\/td>\n<td style=\"width: 47.568%;\">Se crea para recordar que el usuario otorg\u00f3 (o retir\u00f3) el consentimiento.<\/td>\n<td style=\"width: 40.0688%;\">2 a\u00f1os<\/td>\n<\/tr>\n<tr>\n<td style=\"width: 15.9585%;\"><em>Matomo<\/em><\/td>\n<td style=\"width: 1.21359%;\">mtm_cookie_consent<\/td>\n<td style=\"width: 17.5261%;\">Permanente<\/td>\n<td style=\"width: 47.568%;\">Se utiliza para recordar que el usuario otorg\u00f3 el consentimiento para almacenar y utilizar cookies.<\/td>\n<td style=\"width: 40.0688%;\">2 a\u00f1os<\/td>\n<\/tr>\n<tr>\n<td style=\"width: 15.9585%;\"><em>Matomo<\/em><\/td>\n<td style=\"width: 1.21359%;\">Matomo_ignore<\/td>\n<td style=\"width: 17.5261%;\">Permanente<\/td>\n<td style=\"width: 47.568%;\">Se crea cuando el usuario opta por no ser rastreado.<\/td>\n<td style=\"width: 40.0688%;\">30 a\u00f1os<\/td>\n<\/tr>\n<tr>\n<td style=\"width: 15.9585%;\"><em>Google<\/em><\/td>\n<td style=\"width: 1.21359%;\">__gads<\/td>\n<td style=\"width: 1.21359%;\">Permanente<\/td>\n<td style=\"width: 47.568%;\">Google utiliza cookies para publicidad, lo que incluye presentar y visualizar anuncios, personalizar anuncios (seg\u00fan su configuraci\u00f3n de anuncios en <a href=\"https:\/\/g.co\/adsettings\" target=\"_blank\" rel=\"noreferrer noopener\">g.co\/adsettings<\/a>), limitar la cantidad de veces que se muestra un anuncio a un usuario, silenciar los anuncios que ha decidido dejar de ver y medir la eficacia de los anuncios.<\/td>\n<td style=\"width: 40.0688%;\">13 meses<\/td>\n<\/tr>\n<tr>\n<td style=\"width: 15.9585%;\"><em>Google<\/em><\/td>\n<td style=\"width: 1.21359%;\">_gcl_au,_gcl_aw<\/td>\n<td style=\"width: 17.5261%;\">Permanente<\/td>\n<td style=\"width: 47.568%;\">Google utiliza cookies para publicidad, lo que incluye presentar y visualizar anuncios, personalizar anuncios (seg\u00fan su configuraci\u00f3n de anuncios en <a href=\"https:\/\/g.co\/adsettings\" target=\"_blank\" rel=\"noreferrer noopener\">g.co\/adsettings<\/a>), limitar la cantidad de veces que se muestra un anuncio a un usuario, silenciar los anuncios que ha decidido dejar de ver y medir la eficacia de los anuncios.<\/td>\n<td style=\"width: 40.0688%;\">90 d\u00edas<\/td>\n<\/tr>\n<\/tbody>\n<\/table>\n<p>[\/et_pb_text][et_pb_heading title=&#8221;Comun\u00edquese con nosotros&#8221; _builder_version=&#8221;4.27.0&#8243; _module_preset=&#8221;default&#8221; title_level=&#8221;h2&#8243; title_font=&#8221;|700|||||||&#8221; custom_margin=&#8221;||0px||false|false&#8221; global_colors_info=&#8221;{}&#8221;][\/et_pb_heading][et_pb_text _builder_version=&#8221;4.27.0&#8243; _module_preset=&#8221;default&#8221; global_colors_info=&#8221;{}&#8221;]<\/p>\n<p>Para obtener m\u00e1s informaci\u00f3n sobre el uso de cookies en nuestro sitio web, comun\u00edquese con nosotros:<\/p>\n<p>Elligo Health Research, Inc. <br \/>11612 Bee Cave Rd <br \/>Building 1, Suite 150<br \/>Austin, TX 78738<\/p>\n<p>Funcionario encargado de la protecci\u00f3n de datos (DPO)<br \/><a href=\"mailto:privacy@elligodirect.com\">privacy@elligodirect.com<\/a><\/p>\n<p>Para obtener m\u00e1s informaci\u00f3n sobre c\u00f3mo procesamos los datos personales mediante el uso de cookies, visite nuestra <a href=\"https:\/\/deepdeestudy.com\/es-us\/politica-de-privacidad\/\">Pol\u00edtica de privacidad<\/a>.<\/p>\n<p>[\/et_pb_text][\/et_pb_column][\/et_pb_row][\/et_pb_section]<\/p>\n","protected":false},"excerpt":{"rendered":"<p>\u00daltima actualizaci\u00f3n: 15 de enero de 2025 Elligo Health Research, Inc. (\u201cElligo\u201d, \u201cnosotros\u201d o \u201cnos\u201d) est\u00e1 ayudando a la organizaci\u00f3n de investigaci\u00f3n cl\u00ednica (por su sigla en ingl\u00e9s, CRO) PPD, parte de Thermo Fisher Scientific (\u201cPPD\u201d) a brindar ciertos servicios, que podr\u00edan incluir publicidad del estudio, reclutamiento del estudio, apoyo en el centro del estudio [&hellip;]<\/p>\n","protected":false},"author":2,"featured_media":0,"parent":0,"menu_order":0,"comment_status":"closed","ping_status":"closed","template":"","meta":{"_et_pb_use_builder":"on","_et_pb_old_content":"","_et_gb_content_width":"","footnotes":""},"class_list":["post-422","page","type-page","status-publish","hentry"],"_links":{"self":[{"href":"https:\/\/deepdeestudy.com\/es-us\/wp-json\/wp\/v2\/pages\/422","targetHints":{"allow":["GET"]}}],"collection":[{"href":"https:\/\/deepdeestudy.com\/es-us\/wp-json\/wp\/v2\/pages"}],"about":[{"href":"https:\/\/deepdeestudy.com\/es-us\/wp-json\/wp\/v2\/types\/page"}],"author":[{"embeddable":true,"href":"https:\/\/deepdeestudy.com\/es-us\/wp-json\/wp\/v2\/users\/2"}],"replies":[{"embeddable":true,"href":"https:\/\/deepdeestudy.com\/es-us\/wp-json\/wp\/v2\/comments?post=422"}],"version-history":[{"count":0,"href":"https:\/\/deepdeestudy.com\/es-us\/wp-json\/wp\/v2\/pages\/422\/revisions"}],"wp:attachment":[{"href":"https:\/\/deepdeestudy.com\/es-us\/wp-json\/wp\/v2\/media?parent=422"}],"curies":[{"name":"wp","href":"https:\/\/api.w.org\/{rel}","templated":true}]}}